{"id":22,"date":"2024-11-04T04:28:58","date_gmt":"2024-11-04T04:28:58","guid":{"rendered":"https:\/\/gaviaspreview.com\/wp\/homirx\/?page_id=22"},"modified":"2026-04-04T14:23:22","modified_gmt":"2026-04-04T11:23:22","slug":"danismanlar","status":"publish","type":"page","link":"https:\/\/www.ikonx.com.tr\/en\/danismanlar\/","title":{"rendered":"Consultants"},"content":{"rendered":"<div data-elementor-type=\"wp-page\" data-elementor-id=\"22\" class=\"elementor elementor-22\">\n\t\t\t\t<div class=\"elementor-element elementor-element-b17ec3a e-flex e-con-boxed e-con e-parent\" data-id=\"b17ec3a\" data-element_type=\"container\" data-e-type=\"container\" data-settings=\"{&quot;background_background&quot;:&quot;classic&quot;}\">\n\t\t\t\t\t<div class=\"e-con-inner\">\n\t\t<div class=\"elementor-element elementor-element-342d81e e-con-full e-flex e-con e-child\" data-id=\"342d81e\" data-element_type=\"container\" data-e-type=\"container\">\n\t\t\t\t<div class=\"elementor-element elementor-element-9b54e03 over-hidden elementor-widget elementor-widget-gva_post_breadcrumb\" data-id=\"9b54e03\" data-element_type=\"widget\" data-e-type=\"widget\" data-widget_type=\"gva_post_breadcrumb.default\">\n\t\t\t\t<div class=\"elementor-widget-container\">\n\t\t\t\t\t<div class=\"gva-element-gva_post_breadcrumb gva-element\">   \r\n<div class=\"post-breadcrumb\">\r\n   <div class=\"custom-breadcrumb\" >\r\n            <div class=\"breadcrumb-main\">\r\n        <div class=\"container\">\r\n          <div class=\"breadcrumb-container-inner\">\r\n            <h2 class=\"heading-title\">Consultants<\/h2><ol class=\"breadcrumb\"><li><a href=\"https:\/\/www.ikonx.com.tr\/en\">Home<\/a> <\/li> <li class=\"active\">Page<\/li><\/ol>          <\/div>  \r\n        <\/div>   \r\n      <\/div>  \r\n   <\/div>\r\n<\/div>      \r\n\r\n<\/div>\t\t\t\t<\/div>\n\t\t\t\t<\/div>\n\t\t\t\t<\/div>\n\t\t\t\t\t<\/div>\n\t\t\t\t<\/div>\n\t\t<div class=\"elementor-element elementor-element-fe3862a e-flex e-con-boxed e-con e-parent\" data-id=\"fe3862a\" data-element_type=\"container\" data-e-type=\"container\" data-settings=\"{&quot;background_background&quot;:&quot;classic&quot;}\">\n\t\t\t\t\t<div class=\"e-con-inner\">\n\t\t<div class=\"elementor-element elementor-element-ef85420 e-con-full e-flex e-con e-child\" data-id=\"ef85420\" data-element_type=\"container\" data-e-type=\"container\">\n\t\t\t\t<div class=\"elementor-element elementor-element-c5843fa elementor-widget elementor-widget-gva-heading-block\" data-id=\"c5843fa\" data-element_type=\"widget\" data-e-type=\"widget\" data-widget_type=\"gva-heading-block.default\">\n\t\t\t\t<div class=\"elementor-widget-container\">\n\t\t\t\t\t<div class=\"gva-element-gva-heading-block gva-element\">\r\n   <div class=\"align-left style-1 widget gsc-heading box-align-left auto-responsive\">\r\n      \r\n      <div class=\"content-inner\">\r\n                  \r\n         <div class=\"sub-title\"><span class=\"tagline\">Our Experts<\/span><\/div>  \r\n         \r\n                     <h2 class=\"title\">\r\n               <span>Meet Our Real Estate Team<\/span>\r\n            <\/h2>\r\n                  \r\n         \r\n               <\/div>\r\n\r\n   <\/div>\r\n\r\n<\/div>\t\t\t\t<\/div>\n\t\t\t\t<\/div>\n\t\t\t\t<\/div>\n\t\t<div class=\"elementor-element elementor-element-bb3d492 e-con-full e-flex e-con e-child\" data-id=\"bb3d492\" data-element_type=\"container\" data-e-type=\"container\">\n\t\t\t\t<div class=\"elementor-element elementor-element-36ece89 elementor-widget elementor-widget-html\" data-id=\"36ece89\" data-element_type=\"widget\" data-e-type=\"widget\" data-widget_type=\"html.default\">\n\t\t\t\t\t<a href=\"https:\/\/www.ikonx.com.tr\/en\/iletisim\/\" class=\"btn-theme-2\"><span class=\"btn-icon\"><i aria-hidden=\"true\" class=\"hicon-home\"><\/i><\/span>\n    Contact Us\n    <\/a>\t\t\t\t<\/div>\n\t\t\t\t<\/div>\n\t\t<div class=\"elementor-element elementor-element-35fdef7 e-con-full e-flex e-con e-child\" data-id=\"35fdef7\" data-element_type=\"container\" data-e-type=\"container\">\n\t\t<div class=\"elementor-element elementor-element-a9774e4 e-con-full e-flex e-con e-child\" data-id=\"a9774e4\" data-element_type=\"container\" data-e-type=\"container\">\n\t\t\t\t<div class=\"elementor-element elementor-element-bc295cc elementor-widget elementor-widget-gva-team\" data-id=\"bc295cc\" data-element_type=\"widget\" data-e-type=\"widget\" data-widget_type=\"gva-team.default\">\n\t\t\t\t<div class=\"elementor-widget-container\">\n\t\t\t\t\t<div class=\"gva-element-gva-team gva-element\">\r\n<div class=\"swiper-slider-wrapper gsc-team layout-carousel\">\r\n   <div class=\"swiper-content-inner\">   \r\n      <div class=\"init-carousel-swiper swiper\" data-carousel=\"{&quot;items&quot;:3,&quot;items_lg&quot;:3,&quot;items_md&quot;:2,&quot;items_sm&quot;:2,&quot;items_xs&quot;:1,&quot;items_xx&quot;:1,&quot;effect&quot;:&quot;slide&quot;,&quot;space_between&quot;:30,&quot;loop&quot;:1,&quot;speed&quot;:600,&quot;autoplay&quot;:0,&quot;autoplay_delay&quot;:4500,&quot;autoplay_hover&quot;:1,&quot;navigation&quot;:1,&quot;pagination&quot;:0,&quot;dynamic_bullets&quot;:0,&quot;pagination_type&quot;:&quot;bullets&quot;}\">\r\n         <div class=\"swiper-wrapper\">\r\n                           <div class=\"swiper-slide\">\r\n                  \r\n   <div class=\"team-one__single\">\r\n   \t   \t\t<div class=\"team-one__image\">\r\n            <img decoding=\"async\" src=\"https:\/\/www.ikonx.com.tr\/wp-content\/uploads\/2026\/02\/team-2.png\" alt=\"\" \/>  \r\n            \r\n   \t\t<\/div>\r\n   \t\t\r\n      <div class=\"team-one__content\">\r\n         <div class=\"team-one__socials\">\r\n            <div class=\"team-one__social-links\">\r\n               \t\t  <a href=\"#\">\r\n\t\t\t <i class=\"fa fa-facebook\"><\/i>\t\t  <\/a>\r\n\t\t  \t\t  <a href=\"#\">\r\n\t\t\t <i class=\"fa fa-twitter\"><\/i>\t\t  <\/a>\r\n\t\t  \t\t  <a href=\"#\">\r\n\t\t\t <i class=\"fa fa-instagram\"><\/i>\t\t  <\/a>\r\n\t\t  \t\t  <a href=\"#\">\r\n\t\t\t <i class=\"fa fa-pinterest\"><\/i>\t\t  <\/a>\r\n\t\t              <\/div> \r\n            <div class=\"team-one__social-control\"><a><i class=\"fa-solid fa-share-nodes\"><\/i><\/a><\/div>\r\n         <\/div>\r\n         <div class=\"team-one__content-inner\">\r\n      \t\t      \t\t\t<h3 class=\"team-one__name\">\r\n                  Selcuk Erdurak   \r\n               <\/h3>\r\n      \t\t      \t\t      \t\t\t<div class=\"team-one__job\">Company Co-Founder<\/div>\r\n      \t\t      \t\t                  \t<\/div>\r\n      <\/div>\r\n   <\/div>\t\t\r\n               <\/div>\r\n                           <div class=\"swiper-slide\">\r\n                  \r\n   <div class=\"team-one__single\">\r\n   \t   \t\t<div class=\"team-one__image\">\r\n            <img decoding=\"async\" src=\"https:\/\/www.ikonx.com.tr\/wp-content\/uploads\/2026\/02\/team-4.png\" alt=\"\" \/>  \r\n            \r\n   \t\t<\/div>\r\n   \t\t\r\n      <div class=\"team-one__content\">\r\n         <div class=\"team-one__socials\">\r\n            <div class=\"team-one__social-links\">\r\n               \t\t  <a href=\"#\">\r\n\t\t\t <i class=\"fa fa-facebook\"><\/i>\t\t  <\/a>\r\n\t\t  \t\t  <a href=\"#\">\r\n\t\t\t <i class=\"fa fa-twitter\"><\/i>\t\t  <\/a>\r\n\t\t  \t\t  <a href=\"#\">\r\n\t\t\t <i class=\"fa fa-instagram\"><\/i>\t\t  <\/a>\r\n\t\t  \t\t  <a href=\"#\">\r\n\t\t\t <i class=\"fa fa-pinterest\"><\/i>\t\t  <\/a>\r\n\t\t              <\/div> \r\n            <div class=\"team-one__social-control\"><a><i class=\"fa-solid fa-share-nodes\"><\/i><\/a><\/div>\r\n         <\/div>\r\n         <div class=\"team-one__content-inner\">\r\n      \t\t      \t\t\t<h3 class=\"team-one__name\">\r\n                  Kerem U\u00e7an   \r\n               <\/h3>\r\n      \t\t      \t\t      \t\t\t<div class=\"team-one__job\">Founding Partner<\/div>\r\n      \t\t      \t\t                  \t<\/div>\r\n      <\/div>\r\n   <\/div>\t\t\r\n               <\/div>\r\n                           <div class=\"swiper-slide\">\r\n                  \r\n   <div class=\"team-one__single\">\r\n   \t   \t\t<div class=\"team-one__image\">\r\n            <img decoding=\"async\" src=\"https:\/\/www.ikonx.com.tr\/wp-content\/uploads\/2026\/02\/team-1.png\" alt=\"\" \/>  \r\n            \r\n   \t\t<\/div>\r\n   \t\t\r\n      <div class=\"team-one__content\">\r\n         <div class=\"team-one__socials\">\r\n            <div class=\"team-one__social-links\">\r\n               \t\t  <a href=\"#\">\r\n\t\t\t <i class=\"fa fa-facebook\"><\/i>\t\t  <\/a>\r\n\t\t  \t\t  <a href=\"#\">\r\n\t\t\t <i class=\"fa fa-twitter\"><\/i>\t\t  <\/a>\r\n\t\t  \t\t  <a href=\"#\">\r\n\t\t\t <i class=\"fa fa-instagram\"><\/i>\t\t  <\/a>\r\n\t\t  \t\t  <a href=\"#\">\r\n\t\t\t <i class=\"fa fa-pinterest\"><\/i>\t\t  <\/a>\r\n\t\t              <\/div> \r\n            <div class=\"team-one__social-control\"><a><i class=\"fa-solid fa-share-nodes\"><\/i><\/a><\/div>\r\n         <\/div>\r\n         <div class=\"team-one__content-inner\">\r\n      \t\t      \t\t\t<h3 class=\"team-one__name\">\r\n                  Fazila Demet Ak   \r\n               <\/h3>\r\n      \t\t      \t\t      \t\t\t<div class=\"team-one__job\">Real Estate Consultant<\/div>\r\n      \t\t      \t\t                  \t<\/div>\r\n      <\/div>\r\n   <\/div>\t\t\r\n               <\/div>\r\n                           <div class=\"swiper-slide\">\r\n                  \r\n   <div class=\"team-one__single\">\r\n   \t   \t\t<div class=\"team-one__image\">\r\n            <img decoding=\"async\" src=\"https:\/\/www.ikonx.com.tr\/wp-content\/uploads\/2026\/02\/team-15.png\" alt=\"\" \/>  \r\n            \r\n   \t\t<\/div>\r\n   \t\t\r\n      <div class=\"team-one__content\">\r\n         <div class=\"team-one__socials\">\r\n            <div class=\"team-one__social-links\">\r\n               \t\t  <a href=\"#\">\r\n\t\t\t <i class=\"fa fa-facebook\"><\/i>\t\t  <\/a>\r\n\t\t  \t\t  <a href=\"#\">\r\n\t\t\t <i class=\"fa fa-twitter\"><\/i>\t\t  <\/a>\r\n\t\t  \t\t  <a href=\"#\">\r\n\t\t\t <i class=\"fa fa-instagram\"><\/i>\t\t  <\/a>\r\n\t\t  \t\t  <a href=\"#\">\r\n\t\t\t <i class=\"fa fa-pinterest\"><\/i>\t\t  <\/a>\r\n\t\t              <\/div> \r\n            <div class=\"team-one__social-control\"><a><i class=\"fa-solid fa-share-nodes\"><\/i><\/a><\/div>\r\n         <\/div>\r\n         <div class=\"team-one__content-inner\">\r\n      \t\t      \t\t\t<h3 class=\"team-one__name\">\r\n                  Semra Kor   \r\n               <\/h3>\r\n      \t\t      \t\t      \t\t\t<div class=\"team-one__job\">Real Estate Consultant<\/div>\r\n      \t\t      \t\t                  \t<\/div>\r\n      <\/div>\r\n   <\/div>\t\t\r\n               <\/div>\r\n                     <\/div> \r\n      <\/div>\r\n   <\/div>   \r\n   <div class=\"swiper-pagination\"><\/div>   <div class=\"swiper-nav-next\"><\/div><div class=\"swiper-nav-prev\"><\/div><\/div>\r\n<\/div>\t\t\t\t<\/div>\n\t\t\t\t<\/div>\n\t\t\t\t<\/div>\n\t\t\t\t<\/div>\n\t\t\t\t\t<\/div>\n\t\t\t\t<\/div>\n\t\t<div class=\"elementor-element elementor-element-e3c5499 e-flex e-con-boxed e-con e-parent\" data-id=\"e3c5499\" data-element_type=\"container\" data-e-type=\"container\">\n\t\t\t\t\t<div class=\"e-con-inner\">\n\t\t<div class=\"elementor-element elementor-element-3d1eaa6 e-con-full e-flex e-con e-child\" data-id=\"3d1eaa6\" data-element_type=\"container\" data-e-type=\"container\">\n\t\t\t\t<div class=\"elementor-element elementor-element-206d4ff elementor-widget elementor-widget-gva-heading-block\" data-id=\"206d4ff\" data-element_type=\"widget\" data-e-type=\"widget\" data-widget_type=\"gva-heading-block.default\">\n\t\t\t\t<div class=\"elementor-widget-container\">\n\t\t\t\t\t<div class=\"gva-element-gva-heading-block gva-element\">\r\n   <div class=\"align-left style-1 widget gsc-heading box-align-left auto-responsive\">\r\n      \r\n      <div class=\"content-inner\">\r\n                  \r\n         <div class=\"sub-title\"><span class=\"tagline\">With Ikonx Prestige<\/span><\/div>  \r\n         \r\n                     <h2 class=\"title\">\r\n               <span>Let's Find the Right Sales Option for You<\/span>\r\n            <\/h2>\r\n                  \r\n                     <div class=\"title-desc\">We thoroughly analyze your needs and expectations. We offer you the most suitable real estate options and manage the process transparently. We are by your side at every stage to help you make the right decisions.<\/div>\r\n         \r\n               <\/div>\r\n\r\n   <\/div>\r\n\r\n<\/div>\t\t\t\t<\/div>\n\t\t\t\t<\/div>\n\t\t<div class=\"elementor-element elementor-element-eb7a7de e-con-full e-flex e-con e-child\" data-id=\"eb7a7de\" data-element_type=\"container\" data-e-type=\"container\">\n\t\t\t\t<div class=\"elementor-element elementor-element-166525b elementor-widget elementor-widget-html\" data-id=\"166525b\" data-element_type=\"widget\" data-e-type=\"widget\" data-widget_type=\"html.default\">\n\t\t\t\t\t<a href=\"https:\/\/www.ikonx.com.tr\/en\/iletisim\/\" class=\"btn-theme-2\"><span class=\"btn-icon\"><i aria-hidden=\"true\" class=\"hicon-home\"><\/i><\/span>\n    Schedule an Appointment\n    <\/a>\t\t\t\t<\/div>\n\t\t\t\t<div class=\"elementor-element elementor-element-3ad3918 elementor-widget elementor-widget-gva-image-content\" data-id=\"3ad3918\" data-element_type=\"widget\" data-e-type=\"widget\" data-widget_type=\"gva-image-content.default\">\n\t\t\t\t<div class=\"elementor-widget-container\">\n\t\t\t\t\t<div class=\"gva-element-gva-image-content gva-element\">\t\t\r\n\t  \r\n\t \r\n\r\n\t \r\n\r\n\t\r\n \r\n<\/div>\t\t\t\t<\/div>\n\t\t\t\t<\/div>\n\t\t\t\t<\/div>\n\t\t\t\t<\/div>\n\t\t<div class=\"elementor-element elementor-element-b3cd0d3 e-con-full e-flex e-con e-child\" data-id=\"b3cd0d3\" data-element_type=\"container\" data-e-type=\"container\">\n\t\t<div class=\"elementor-element elementor-element-0b23a50 e-con-full e-flex e-con e-child\" data-id=\"0b23a50\" data-element_type=\"container\" data-e-type=\"container\" data-settings=\"{&quot;background_background&quot;:&quot;classic&quot;}\">\n\t\t\t\t<div class=\"elementor-element elementor-element-0ca9c16 elementor-widget elementor-widget-gva-video-box\" data-id=\"0ca9c16\" data-element_type=\"widget\" data-e-type=\"widget\" data-widget_type=\"gva-video-box.default\">\n\t\t\t\t<div class=\"elementor-widget-container\">\n\t\t\t\t\t<div class=\"gva-element-gva-video-box gva-element\">\r\n   \r\n      \r\n         <div class=\"video-three__single\">\r\n         <div class=\"video-three__inner\">\r\n               \r\n            <div class=\"video-three__content\">\r\n               <div class=\"video-three__action\">\r\n                  <a href=\"https:\/\/www.youtube.com\/watch?v=BxpYDP7DPkI\" class=\"popup-video\"><i class=\"fa fa-play\"><\/i><\/a>  \r\n               <\/div>   \r\n            <\/div>    \r\n         <\/div>\r\n      <\/div> \r\n        \r\n<\/div>\t\t\t\t<\/div>\n\t\t\t\t<\/div>\n\t\t\t\t<\/div>\n\t\t\t\t<\/div>\n\t\t\t\t\t<\/div>\n\t\t\t\t<\/div>\n\t\t\t\t<\/div>","protected":false},"excerpt":{"rendered":"<p>Dan\u0131\u015fmanlar Home Sayfa Uzmanlar\u0131m\u0131z Gayrimenkul Ekibimizle Tan\u0131\u015f\u0131n \u0130leti\u015fime Ge\u00e7 Sel\u00e7uk Erdurak \u015eirket Kurucu Orta\u011f\u0131 Kerem U\u00e7an Kurucu Ortak Faz\u0131la Demet Ak Gayrimenkul Dan\u0131\u015fman\u0131 Semra Kor Gayrimenkul Dan\u0131\u015fman\u0131 \u0130konx Prestijiyle Sizin [&hellip;]<\/p>\n","protected":false},"author":1,"featured_media":0,"parent":0,"menu_order":0,"comment_status":"closed","ping_status":"closed","template":"elementor_header_footer","meta":{"_joinchat":[],"footnotes":""},"class_list":["post-22","page","type-page","status-publish","hentry"],"yoast_head":"<!-- This site is optimized with the Yoast SEO plugin v27.3 - https:\/\/yoast.com\/product\/yoast-seo-wordpress\/ -->\n<title>Dan\u0131\u015fmanlar - Gayrimenkul Dan\u0131\u015fmanlar\u0131 - Uzman Emlak Ekibi<\/title>\n<meta name=\"description\" content=\"K\u0131br\u0131s\u2019ta emlak ve gayrimenkul yat\u0131r\u0131mlar\u0131nda uzman dan\u0131\u015fman kadromuzla g\u00fcvenilir ve do\u011fru yat\u0131r\u0131m \u00e7\u00f6z\u00fcmleri sunuyoruz.\" \/>\n<meta name=\"robots\" content=\"index, follow, max-snippet:-1, max-image-preview:large, max-video-preview:-1\" \/>\n<link rel=\"canonical\" href=\"https:\/\/www.ikonx.com.tr\/en\/danismanlar\/\" \/>\n<meta property=\"og:locale\" content=\"en_US\" \/>\n<meta property=\"og:type\" content=\"article\" \/>\n<meta property=\"og:title\" content=\"Dan\u0131\u015fmanlar - Gayrimenkul Dan\u0131\u015fmanlar\u0131 - Uzman Emlak Ekibi\" \/>\n<meta property=\"og:description\" content=\"K\u0131br\u0131s\u2019ta emlak ve gayrimenkul yat\u0131r\u0131mlar\u0131nda uzman dan\u0131\u015fman kadromuzla g\u00fcvenilir ve do\u011fru yat\u0131r\u0131m \u00e7\u00f6z\u00fcmleri sunuyoruz.\" \/>\n<meta property=\"og:url\" content=\"https:\/\/www.ikonx.com.tr\/en\/danismanlar\/\" \/>\n<meta property=\"og:site_name\" content=\"\u0130konx Gayrimenkul\" \/>\n<meta property=\"article:publisher\" content=\"https:\/\/www.facebook.com\/ikonx.k.br.s\" \/>\n<meta property=\"article:modified_time\" content=\"2026-04-04T11:23:22+00:00\" \/>\n<meta property=\"og:image\" content=\"https:\/\/www.ikonx.com.tr\/wp-content\/uploads\/2026\/02\/team-2.png\" \/>\n<meta name=\"twitter:card\" content=\"summary_large_image\" \/>\n<meta name=\"twitter:label1\" content=\"Est. reading time\" \/>\n\t<meta name=\"twitter:data1\" content=\"3 minutes\" \/>\n<script type=\"application\/ld+json\" class=\"yoast-schema-graph\">{\"@context\":\"https:\\\/\\\/schema.org\",\"@graph\":[{\"@type\":\"WebPage\",\"@id\":\"https:\\\/\\\/www.ikonx.com.tr\\\/danismanlar\\\/\",\"url\":\"https:\\\/\\\/www.ikonx.com.tr\\\/danismanlar\\\/\",\"name\":\"Dan\u0131\u015fmanlar - Gayrimenkul Dan\u0131\u015fmanlar\u0131 - Uzman Emlak Ekibi\",\"isPartOf\":{\"@id\":\"https:\\\/\\\/www.ikonx.com.tr\\\/#website\"},\"primaryImageOfPage\":{\"@id\":\"https:\\\/\\\/www.ikonx.com.tr\\\/danismanlar\\\/#primaryimage\"},\"image\":{\"@id\":\"https:\\\/\\\/www.ikonx.com.tr\\\/danismanlar\\\/#primaryimage\"},\"thumbnailUrl\":\"https:\\\/\\\/www.ikonx.com.tr\\\/wp-content\\\/uploads\\\/2026\\\/02\\\/team-2.png\",\"datePublished\":\"2024-11-04T04:28:58+00:00\",\"dateModified\":\"2026-04-04T11:23:22+00:00\",\"description\":\"K\u0131br\u0131s\u2019ta emlak ve gayrimenkul yat\u0131r\u0131mlar\u0131nda uzman dan\u0131\u015fman kadromuzla g\u00fcvenilir ve do\u011fru yat\u0131r\u0131m \u00e7\u00f6z\u00fcmleri sunuyoruz.\",\"breadcrumb\":{\"@id\":\"https:\\\/\\\/www.ikonx.com.tr\\\/danismanlar\\\/#breadcrumb\"},\"inLanguage\":\"en-US\",\"potentialAction\":[{\"@type\":\"ReadAction\",\"target\":[\"https:\\\/\\\/www.ikonx.com.tr\\\/danismanlar\\\/\"]}]},{\"@type\":\"ImageObject\",\"inLanguage\":\"en-US\",\"@id\":\"https:\\\/\\\/www.ikonx.com.tr\\\/danismanlar\\\/#primaryimage\",\"url\":\"https:\\\/\\\/www.ikonx.com.tr\\\/wp-content\\\/uploads\\\/2026\\\/02\\\/team-2.png\",\"contentUrl\":\"https:\\\/\\\/www.ikonx.com.tr\\\/wp-content\\\/uploads\\\/2026\\\/02\\\/team-2.png\"},{\"@type\":\"BreadcrumbList\",\"@id\":\"https:\\\/\\\/www.ikonx.com.tr\\\/danismanlar\\\/#breadcrumb\",\"itemListElement\":[{\"@type\":\"ListItem\",\"position\":1,\"name\":\"Anasayfa\",\"item\":\"https:\\\/\\\/www.ikonx.com.tr\\\/\"},{\"@type\":\"ListItem\",\"position\":2,\"name\":\"Dan\u0131\u015fmanlar\"}]},{\"@type\":\"WebSite\",\"@id\":\"https:\\\/\\\/www.ikonx.com.tr\\\/#website\",\"url\":\"https:\\\/\\\/www.ikonx.com.tr\\\/\",\"name\":\"\u0130konx Gayrimenkul\",\"description\":\"\",\"publisher\":{\"@id\":\"https:\\\/\\\/www.ikonx.com.tr\\\/#organization\"},\"potentialAction\":[{\"@type\":\"SearchAction\",\"target\":{\"@type\":\"EntryPoint\",\"urlTemplate\":\"https:\\\/\\\/www.ikonx.com.tr\\\/?s={search_term_string}\"},\"query-input\":{\"@type\":\"PropertyValueSpecification\",\"valueRequired\":true,\"valueName\":\"search_term_string\"}}],\"inLanguage\":\"en-US\"},{\"@type\":\"Organization\",\"@id\":\"https:\\\/\\\/www.ikonx.com.tr\\\/#organization\",\"name\":\"\u0130konx Gayrimenkul\",\"url\":\"https:\\\/\\\/www.ikonx.com.tr\\\/\",\"logo\":{\"@type\":\"ImageObject\",\"inLanguage\":\"en-US\",\"@id\":\"https:\\\/\\\/www.ikonx.com.tr\\\/#\\\/schema\\\/logo\\\/image\\\/\",\"url\":\"https:\\\/\\\/www.ikonx.com.tr\\\/wp-content\\\/uploads\\\/2026\\\/02\\\/cropped-ikonxlogo2.png\",\"contentUrl\":\"https:\\\/\\\/www.ikonx.com.tr\\\/wp-content\\\/uploads\\\/2026\\\/02\\\/cropped-ikonxlogo2.png\",\"width\":512,\"height\":512,\"caption\":\"\u0130konx Gayrimenkul\"},\"image\":{\"@id\":\"https:\\\/\\\/www.ikonx.com.tr\\\/#\\\/schema\\\/logo\\\/image\\\/\"},\"sameAs\":[\"https:\\\/\\\/www.facebook.com\\\/ikonx.k.br.s\",\"https:\\\/\\\/www.youtube.com\\\/@ikonxgayrimenkulyatrmvedan3230\",\"https:\\\/\\\/www.instagram.com\\\/ikonxgayrimenkul\\\/\"]}]}<\/script>\n<!-- \/ Yoast SEO plugin. -->","yoast_head_json":{"title":"Dan\u0131\u015fmanlar - Gayrimenkul Dan\u0131\u015fmanlar\u0131 - Uzman Emlak Ekibi","description":"K\u0131br\u0131s\u2019ta emlak ve gayrimenkul yat\u0131r\u0131mlar\u0131nda uzman dan\u0131\u015fman kadromuzla g\u00fcvenilir ve do\u011fru yat\u0131r\u0131m \u00e7\u00f6z\u00fcmleri sunuyoruz.","robots":{"index":"index","follow":"follow","max-snippet":"max-snippet:-1","max-image-preview":"max-image-preview:large","max-video-preview":"max-video-preview:-1"},"canonical":"https:\/\/www.ikonx.com.tr\/en\/danismanlar\/","og_locale":"en_US","og_type":"article","og_title":"Dan\u0131\u015fmanlar - Gayrimenkul Dan\u0131\u015fmanlar\u0131 - Uzman Emlak Ekibi","og_description":"K\u0131br\u0131s\u2019ta emlak ve gayrimenkul yat\u0131r\u0131mlar\u0131nda uzman dan\u0131\u015fman kadromuzla g\u00fcvenilir ve do\u011fru yat\u0131r\u0131m \u00e7\u00f6z\u00fcmleri sunuyoruz.","og_url":"https:\/\/www.ikonx.com.tr\/en\/danismanlar\/","og_site_name":"\u0130konx Gayrimenkul","article_publisher":"https:\/\/www.facebook.com\/ikonx.k.br.s","article_modified_time":"2026-04-04T11:23:22+00:00","og_image":[{"url":"https:\/\/www.ikonx.com.tr\/wp-content\/uploads\/2026\/02\/team-2.png","type":"","width":"","height":""}],"twitter_card":"summary_large_image","twitter_misc":{"Est. reading time":"3 minutes"},"schema":{"@context":"https:\/\/schema.org","@graph":[{"@type":"WebPage","@id":"https:\/\/www.ikonx.com.tr\/danismanlar\/","url":"https:\/\/www.ikonx.com.tr\/danismanlar\/","name":"Dan\u0131\u015fmanlar - Gayrimenkul Dan\u0131\u015fmanlar\u0131 - Uzman Emlak Ekibi","isPartOf":{"@id":"https:\/\/www.ikonx.com.tr\/#website"},"primaryImageOfPage":{"@id":"https:\/\/www.ikonx.com.tr\/danismanlar\/#primaryimage"},"image":{"@id":"https:\/\/www.ikonx.com.tr\/danismanlar\/#primaryimage"},"thumbnailUrl":"https:\/\/www.ikonx.com.tr\/wp-content\/uploads\/2026\/02\/team-2.png","datePublished":"2024-11-04T04:28:58+00:00","dateModified":"2026-04-04T11:23:22+00:00","description":"K\u0131br\u0131s\u2019ta emlak ve gayrimenkul yat\u0131r\u0131mlar\u0131nda uzman dan\u0131\u015fman kadromuzla g\u00fcvenilir ve do\u011fru yat\u0131r\u0131m \u00e7\u00f6z\u00fcmleri sunuyoruz.","breadcrumb":{"@id":"https:\/\/www.ikonx.com.tr\/danismanlar\/#breadcrumb"},"inLanguage":"en-US","potentialAction":[{"@type":"ReadAction","target":["https:\/\/www.ikonx.com.tr\/danismanlar\/"]}]},{"@type":"ImageObject","inLanguage":"en-US","@id":"https:\/\/www.ikonx.com.tr\/danismanlar\/#primaryimage","url":"https:\/\/www.ikonx.com.tr\/wp-content\/uploads\/2026\/02\/team-2.png","contentUrl":"https:\/\/www.ikonx.com.tr\/wp-content\/uploads\/2026\/02\/team-2.png"},{"@type":"BreadcrumbList","@id":"https:\/\/www.ikonx.com.tr\/danismanlar\/#breadcrumb","itemListElement":[{"@type":"ListItem","position":1,"name":"Anasayfa","item":"https:\/\/www.ikonx.com.tr\/"},{"@type":"ListItem","position":2,"name":"Dan\u0131\u015fmanlar"}]},{"@type":"WebSite","@id":"https:\/\/www.ikonx.com.tr\/#website","url":"https:\/\/www.ikonx.com.tr\/","name":"Ikonx Real Estate","description":"","publisher":{"@id":"https:\/\/www.ikonx.com.tr\/#organization"},"potentialAction":[{"@type":"SearchAction","target":{"@type":"EntryPoint","urlTemplate":"https:\/\/www.ikonx.com.tr\/?s={search_term_string}"},"query-input":{"@type":"PropertyValueSpecification","valueRequired":true,"valueName":"search_term_string"}}],"inLanguage":"en-US"},{"@type":"Organization","@id":"https:\/\/www.ikonx.com.tr\/#organization","name":"Ikonx Real Estate","url":"https:\/\/www.ikonx.com.tr\/","logo":{"@type":"ImageObject","inLanguage":"en-US","@id":"https:\/\/www.ikonx.com.tr\/#\/schema\/logo\/image\/","url":"https:\/\/www.ikonx.com.tr\/wp-content\/uploads\/2026\/02\/cropped-ikonxlogo2.png","contentUrl":"https:\/\/www.ikonx.com.tr\/wp-content\/uploads\/2026\/02\/cropped-ikonxlogo2.png","width":512,"height":512,"caption":"\u0130konx Gayrimenkul"},"image":{"@id":"https:\/\/www.ikonx.com.tr\/#\/schema\/logo\/image\/"},"sameAs":["https:\/\/www.facebook.com\/ikonx.k.br.s","https:\/\/www.youtube.com\/@ikonxgayrimenkulyatrmvedan3230","https:\/\/www.instagram.com\/ikonxgayrimenkul\/"]}]}},"_hostinger_reach_plugin_has_subscription_block":false,"_hostinger_reach_plugin_is_elementor":false,"_links":{"self":[{"href":"https:\/\/www.ikonx.com.tr\/en\/wp-json\/wp\/v2\/pages\/22","targetHints":{"allow":["GET"]}}],"collection":[{"href":"https:\/\/www.ikonx.com.tr\/en\/wp-json\/wp\/v2\/pages"}],"about":[{"href":"https:\/\/www.ikonx.com.tr\/en\/wp-json\/wp\/v2\/types\/page"}],"author":[{"embeddable":true,"href":"https:\/\/www.ikonx.com.tr\/en\/wp-json\/wp\/v2\/users\/1"}],"replies":[{"embeddable":true,"href":"https:\/\/www.ikonx.com.tr\/en\/wp-json\/wp\/v2\/comments?post=22"}],"version-history":[{"count":16,"href":"https:\/\/www.ikonx.com.tr\/en\/wp-json\/wp\/v2\/pages\/22\/revisions"}],"predecessor-version":[{"id":1188,"href":"https:\/\/www.ikonx.com.tr\/en\/wp-json\/wp\/v2\/pages\/22\/revisions\/1188"}],"wp:attachment":[{"href":"https:\/\/www.ikonx.com.tr\/en\/wp-json\/wp\/v2\/media?parent=22"}],"curies":[{"name":"wp","href":"https:\/\/api.w.org\/{rel}","templated":true}]}}