{"id":293,"date":"2024-11-22T02:31:08","date_gmt":"2024-11-22T02:31:08","guid":{"rendered":"https:\/\/gaviaspreview.com\/wp\/homirx\/sign-in\/"},"modified":"2026-02-11T17:18:39","modified_gmt":"2026-02-11T17:18:39","slug":"oturum-ac","status":"publish","type":"page","link":"https:\/\/www.ikonx.com.tr\/en\/oturum-ac\/","title":{"rendered":"Oturum a\u00e7"},"content":{"rendered":"<div data-elementor-type=\"wp-page\" data-elementor-id=\"293\" class=\"elementor elementor-293\">\n\t\t\t\t<div class=\"elementor-element elementor-element-a896399 e-flex e-con-boxed e-con e-parent\" data-id=\"a896399\" data-element_type=\"container\" data-e-type=\"container\" data-settings=\"{&quot;background_background&quot;:&quot;classic&quot;}\">\n\t\t\t\t\t<div class=\"e-con-inner\">\n\t\t<div class=\"elementor-element elementor-element-a169df1 e-con-full e-flex e-con e-child\" data-id=\"a169df1\" data-element_type=\"container\" data-e-type=\"container\">\n\t\t\t\t<div class=\"elementor-element elementor-element-4330f82 elementor-widget elementor-widget-shortcode\" data-id=\"4330f82\" data-element_type=\"widget\" data-e-type=\"widget\" data-widget_type=\"shortcode.default\">\n\t\t\t\t\t\t\t<div class=\"elementor-shortcode\"><div class=\"directorist-w-100\">\n    <div class=\"directorist-container-fluid\">\n        <div class=\"directorist-row\">\n            <div class=\"directorist-login-wrapper directorist-authentication active\">\n\t\t\t\t<div class=\"atbdp_login_form_shortcode directorist-authentication__form\">\n\t\t\t\t\t<h4 class=\"directorist-authentication__title\">Sign In<\/h4>\n\t\t\t\t\t\n\t\t\t\t\t\n\t\t\t\t\t\n\t\t\t\t\t\t\t\t\t\t\t<form action=\"#\" id=\"directorist__authentication__login\" method=\"POST\" class=\"directorist__authentication__signin\" data-trp-original-action=\"#\">\n\t\t\t\t\t\t\t<p class=\"status\"><\/p>\n\t\t\t\t\t\t\t<div class=\"directorist-form-group directorist-mb-15\">\n\t\t\t\t\t\t\t\t<label for=\"directorist__authentication__signin__username\">Kullan\u0131c\u0131 Ad\u0131 veya E-posta Adresi<\/label>\n\t\t\t\t\t\t\t\t<input type=\"text\" class=\"directorist-form-element\" id=\"username\" name=\"username\" \/>\n\t\t\t\t\t\t\t<\/div>\n\n\t\t\t\t\t\t\t<div class=\"directorist-form-group\">\n\t\t\t\t\t\t\t\t<label for=\"directorist__authentication__signin__password\">\u015eifre<\/label>\n\t\t\t\t\t\t\t\t<input type=\"password\" id=\"password\" autocomplete=\"off\" name=\"password\" class=\"directorist-form-element\" \/>\n\t\t\t\t\t\t\t<\/div>\n\n\t\t\t\t\t\t\t<div class=\"directorist-authentication__form__actions\">\n\n\t\t\t\t\t\t\t\t\t\t\t\t\t\t\t\t\t<div class=\"keep_signed directorist-checkbox\">\n\t\t\t\t\t\t\t\t\t\t<input type=\"checkbox\" id=\"directorist_login_keep_signed_in\" value=\"1\" name=\"keep_signed_in\" checked \/>\n\t\t\t\t\t\t\t\t\t\t<label for=\"directorist_login_keep_signed_in\" class=\"directorist-checkbox__label not_empty\">\n\t\t\t\t\t\t\t\t\t\t\tBeni Hat\u0131rla\t\t\t\t\t\t\t\t\t\t<\/label>\n\t\t\t\t\t\t\t\t\t<\/div>\n\t\t\t\t\t\t\t\t\n\t\t\t\t\t\t\t\t<a href='' class='atbdp_recovery_pass'> \u015eifremi unuttum<\/a>\t\t\t\t\t\t\t<\/div>\n\n\t\t\t\t\t\t\t<div class=\"directorist-form-group atbd_login_btn_wrapper directorist-mb-15 directorist-authentication__form__btn-wrapper\">\n\t\t\t\t\t\t\t\t<button class=\"directorist-btn directorist-btn-block directorist-authentication__form__btn\" type=\"submit\" value=\"Giri\u015f Yap\" name=\"submit\" aria-label=\"Signin Button\">Giri\u015f Yap<\/button>\n\t\t\t\t\t\t\t\t<input type=\"hidden\" id=\"security\" name=\"security\" value=\"0d4d5b75b1\" \/><input type=\"hidden\" name=\"_wp_http_referer\" value=\"\/en\/wp-json\/wp\/v2\/pages\/293\" \/>\t\t\t\t\t\t\t<\/div>\n\t\t\t\t\t\t<input type=\"hidden\" name=\"trp-form-language\" value=\"en\"\/><\/form>\n\n\t\t\t\t\t\t<div class=\"atbd_social_login\">\n\t\t\t\t\t\t\t\t\t\t\t\t\t<\/div>\n\n\t\t\t\t\t\t\t\t\t\t\t\t\t<div class=\"directorist-authentication__form__toggle-area\">\n\t\t\t\t\t\t\t\tHesab\u0131n\u0131z yok mu?\t\t\t\t\t\t\t\t<button class=\"directorist-authentication__btn directorist-authentication__btn--signup\" aria-label=\"Signup Button\">\u00dcye ol<\/button>\n\t\t\t\t\t\t\t<\/div>\n\t\t\t\t\t\t\n\t\t\t\t\t\t\n\t\t\t\t\t\t<div id=\"recover-pass-modal\" class=\"directorist-mt-15 directorist-authentication__form__recover-pass-modal\">\n\t\t\t\t\t\t\t<form method=\"post\" action=\"\">\n\t\t\t\t\t\t\t\t<fieldset class=\"directorist-form-group\">\n\t\t\t\t\t\t\t\t\t<p>\u015eifrenizi mi unuttunuz? L\u00fctfen e-posta adresinizi girin. Yeni bir \u015fifre olu\u015fturmak i\u00e7in bir ba\u011flant\u0131 e-posta yoluyla alacaks\u0131n\u0131z.<\/p>\n\t\t\t\t\t\t\t\t\t<label for=\"reset_user_login\">E-mail<\/label>\n\t\t\t\t\t\t\t\t\t<input type=\"text\" class=\"directorist-mb-15 directorist-form-element\" name=\"user_login\" id=\"reset_user_login\" value=\"\" placeholder=\"orn. mail@ikonxgayrimenkul.com\" required=\"required\" \/>\n\t\t\t\t\t\t\t\t\t<div class=\"directorist-authentication__form__btn-wrapper\">\n\t\t\t\t\t\t\t\t\t\t<input type=\"hidden\" name=\"action\" value=\"reset\" \/>\n\t\t\t\t\t\t\t\t\t\t<button type=\"submit\" class=\"directorist-btn directorist-authentication__form__btn\" id=\"directorist__authentication__submit\" aria-label=\"Recover Password Button\">Yeni \u015eifre Al<\/button>\n\t\t\t\t\t\t\t\t\t\t<input type=\"hidden\" value=\"8870f0b66e\" name=\"directorist_nonce\">\n\t\t\t\t\t\t\t\t\t<\/div>\n\t\t\t\t\t\t\t\t<\/fieldset>\n\t\t\t\t\t\t\t<input type=\"hidden\" name=\"trp-form-language\" value=\"en\"\/><\/form>\n\t\t\t\t\t\t<\/div>\n\t\t\t\t\t\t\t\t\t<\/div><!-- \/.atbdp_login_form_shortcode -->\n\t\t\t<\/div>\n\n\t\t\t\t\t\t<div class=\"directorist-registration-wrapper directorist-authentication\">\n\t\t\t\t<div class=\"directory_register_form_wrap directorist-authentication__form\">\n\t\t\t\t\t<h4 class=\"directorist-authentication__title\">Sign Up<\/h4>\n\t\t\t\t\t<div class=\"add_listing_title atbd_success_mesage directorist-authentication__message\">\n\t\t\t\t\t\t\t\t\t\t\t\t<!--Registration failed, so show notification.-->\n\t\t\t\t\t\t<p style=\"padding: 20px; display:none;\" class=\"alert-danger directorist-register-error\"><i class=\"directorist-icon-mask\" aria-hidden=\"true\" style=\"--directorist-icon: url(https:\/\/www.ikonx.com.tr\/wp-content\/plugins\/directorist\/assets\/icons\/line-awesome\/svgs\/exclamation-triangle-solid.svg)\"><\/i><\/p>\n\t\t\t\t\t<\/div>\n\t\t\t\t\t<form action=\"#\" method=\"post\" class=\"directorist__authentication__signup\" data-trp-original-action=\"#\">\n\t\t\t\t\t\t<div class=\"directorist-form-group directorist-mb-35\">\n\t\t\t\t\t\t\t<label for=\"directorist__authentication__signup__username\">Kullan\u0131c\u0131 Ad\u0131 <strong class=\"directorist-form-required\">*<\/strong><\/label>\n\t\t\t\t\t\t\t<input id=\"directorist__authentication__signup__username\" class=\"directorist-form-element\" type=\"text\" name=\"username\" value=\"\" required>\n\t\t\t\t\t\t<\/div>\n\t\t\t\t\t\t<div class=\"directorist-form-group directorist-mb-35\">\n\t\t\t\t\t\t\t<label for=\"directorist__authentication__signup__email\">E-Posta <strong class=\"directorist-form-required\">*<\/strong><\/label>\n\t\t\t\t\t\t\t<input id=\"directorist__authentication__signup__email\" class=\"directorist-form-element\" type=\"text\" name=\"email\" value=\"\" required>\n\t\t\t\t\t\t<\/div>\n\t\t\t\t\t\t\t\t\t\t\t\t\t<div class=\"directorist-form-group directorist-mb-35\">\n\t\t\t\t\t\t\t\t<label for=\"directorist__authentication__signup__password\">\u015eifre<strong class=\"directorist-form-required\">*<\/strong><\/label>\n\t\t\t\t\t\t\t\t<input id=\"directorist__authentication__signup__password\" class=\"directorist-form-element\" type=\"password\" name=\"password\" value=\"\" required>\n\t\t\t\t\t\t\t<\/div>\n\t\t\t\t\t\t\t\t\t\t\t\t\t\t\t\t\t\t\t\t\t\t\t\t\t\t\t\t\t\t\n\t\t\t\t\t\t\n\t\t\t\t\t\t\t\t\t\t\t\t\t<div class=\"atbd_privacy_policy_area directory_regi_btn directorist-checkbox directorist-mb-20\">\n\t\t\t\t\t\t\t\t<input id=\"directorist__authentication__signup__privacy_policy\" type=\"checkbox\" name=\"privacy_policy\" >\n\t\t\t\t\t\t\t\t<label for=\"directorist__authentication__signup__privacy_policy\" class=\"directorist-checkbox__label\">kat\u0131l\u0131yorum <a style=\"color: red\" target=\"_blank\" href=\"https:\/\/www.ikonx.com.tr\/en\">Gizlilik ve Politika<\/a> <span class=\"directorist-form-required\">*<\/span><\/label>\n\t\t\t\t\t\t\t<\/div>\n\t\t\t\t\t\t\t\t\t\t\t\t\t\t\t\t\t\t\t<div class=\"atbd_term_and_condition_area directory_regi_btn directorist-checkbox directorist-mb-30\">\n\t\t\t\t\t\t\t\t<input id=\"directorist__authentication__signup__listing_t\" type=\"checkbox\" name=\"t_c_check\" >\n\t\t\t\t\t\t\t\t<label for=\"directorist__authentication__signup__listing_t\" class=\"directorist-checkbox__label\">hepsine kat\u0131l\u0131yorum\t\t\t\t\t\t\t\t\t<a style=\"color: red\" target=\"_blank\" href=\"https:\/\/www.ikonx.com.tr\/en\">\u015fartlar ve ko\u015fullar<\/a> <span class=\"directorist-form-required\">*<\/span><\/label>\n\t\t\t\t\t\t\t<\/div>\n\t\t\t\t\t\t\n\t\t\t\t\t\t\t\t\t\t\t\t<div class=\"directory_regi_btn directorist-mb-15\">\n\t\t\t\t\t\t\t\t\t\t\t\t\t\t<input type=\"hidden\" value=\"8870f0b66e\" name=\"directorist_nonce\">\n\t\t\t\t\t\t\t<button type=\"submit\" class=\"directorist-btn directorist-authentication__form__btn\" name=\"atbdp_user_submit\">\u00dcye olmak<\/button>\n\t\t\t\t\t\t<\/div>\n\t\t\t\t\t\t<div class=\"directory_regi_btn directorist-authentication__form__toggle-area\">\n\t\t\t\t\t\t\t<p>Zaten hesab\u0131n\u0131z var m\u0131? <button class=\"directorist-authentication__btn directorist-authentication__btn--signin\">Giri\u015f<\/button><\/p>\n\t\t\t\t\t\t<\/div>\n\t\t\t\t\t<input type=\"hidden\" name=\"trp-form-language\" value=\"en\"\/><\/form>\n\t\t\t\t<\/div>\n\t\t\t<\/div>\n\t\t\t\t\t<\/div>\n\t<\/div>\n<\/div><\/div>\n\t\t\t\t\t\t<\/div>\n\t\t\t\t<\/div>\n\t\t<div class=\"elementor-element elementor-element-e169fc7 e-con-full e-flex e-con e-child\" data-id=\"e169fc7\" data-element_type=\"container\" data-e-type=\"container\">\n\t\t\t\t<div class=\"elementor-element elementor-element-d69d4d4 elementor-widget elementor-widget-gva-heading-block\" data-id=\"d69d4d4\" data-element_type=\"widget\" data-e-type=\"widget\" data-widget_type=\"gva-heading-block.default\">\n\t\t\t\t<div class=\"elementor-widget-container\">\n\t\t\t\t\t<div class=\"gva-element-gva-heading-block gva-element\">\r\n   <div class=\"align-left style-1 widget gsc-heading box-align-left auto-responsive\">\r\n      \r\n      <div class=\"content-inner\">\r\n                  \r\n         <div class=\"sub-title\"><span class=\"tagline\">About Company<\/span><\/div>  \r\n         \r\n                     <h2 class=\"title\">\r\n               <span>Ikonx Real Estate <\/span>\r\n            <\/h2>\r\n                  \r\n                     <div class=\"title-desc\">It is an investment-oriented real estate consultancy firm offering real estate, land and land purchase and sale services in Cyprus and Turkey. It aims to produce reliable, transparent and accurate investment solutions with its team of experts in the region.<\/div>\r\n         \r\n               <\/div>\r\n\r\n   <\/div>\r\n\r\n<\/div>\t\t\t\t<\/div>\n\t\t\t\t<\/div>\n\t\t<div class=\"elementor-element elementor-element-71c1c88 e-con-full e-flex e-con e-child\" data-id=\"71c1c88\" data-element_type=\"container\" data-e-type=\"container\">\n\t\t\t\t<div class=\"elementor-element elementor-element-bf5d0a3 elementor-icon-list--layout-traditional elementor-list-item-link-full_width elementor-widget elementor-widget-icon-list\" data-id=\"bf5d0a3\" data-element_type=\"widget\" data-e-type=\"widget\" data-widget_type=\"icon-list.default\">\n\t\t\t\t\t\t\t<ul class=\"elementor-icon-list-items\">\n\t\t\t\t\t\t\t<li class=\"elementor-icon-list-item\">\n\t\t\t\t\t\t\t\t\t\t\t<span class=\"elementor-icon-list-icon\">\n\t\t\t\t\t\t\t<i aria-hidden=\"true\" class=\"hicon-arrow-right-1\"><\/i>\t\t\t\t\t\t<\/span>\n\t\t\t\t\t\t\t\t\t\t<span class=\"elementor-icon-list-text\">Professional portfolio management<\/span>\n\t\t\t\t\t\t\t\t\t<\/li>\n\t\t\t\t\t\t\t\t<li class=\"elementor-icon-list-item\">\n\t\t\t\t\t\t\t\t\t\t\t<span class=\"elementor-icon-list-icon\">\n\t\t\t\t\t\t\t<i aria-hidden=\"true\" class=\"hicon-arrow-right-1\"><\/i>\t\t\t\t\t\t<\/span>\n\t\t\t\t\t\t\t\t\t\t<span class=\"elementor-icon-list-text\">Investment advisory service<\/span>\n\t\t\t\t\t\t\t\t\t<\/li>\n\t\t\t\t\t\t\t\t<li class=\"elementor-icon-list-item\">\n\t\t\t\t\t\t\t\t\t\t\t<span class=\"elementor-icon-list-icon\">\n\t\t\t\t\t\t\t<i aria-hidden=\"true\" class=\"hicon-arrow-right-1\"><\/i>\t\t\t\t\t\t<\/span>\n\t\t\t\t\t\t\t\t\t\t<span class=\"elementor-icon-list-text\">24\/7 Technical Support Service<\/span>\n\t\t\t\t\t\t\t\t\t<\/li>\n\t\t\t\t\t\t<\/ul>\n\t\t\t\t\t\t<\/div>\n\t\t\t\t<div class=\"elementor-element elementor-element-246d4dd elementor-widget elementor-widget-gva-counter\" data-id=\"246d4dd\" data-element_type=\"widget\" data-e-type=\"widget\" data-widget_type=\"gva-counter.default\">\n\t\t\t\t<div class=\"elementor-widget-container\">\n\t\t\t\t\t<div class=\"gva-element-gva-counter gva-element\">\r\n         <div class=\"milestone-one__single\">\r\n            \r\n         \r\n         <div class=\"milestone-one__content\">\r\n            <div class=\"milestone-one__number\">\r\n               <span class=\"milestone-number\">30<\/span><span class=\"symbol before\">bin<\/span><span class=\"symbol after\">+<\/span>            <\/div>\r\n            <div class=\"milestone-one__title\">Satisfied<br> Customer<\/div>         <\/div>\r\n         \r\n         \r\n      <\/div> \r\n   \r\n   \r\n   <\/div>\t\t\t\t<\/div>\n\t\t\t\t<\/div>\n\t\t\t\t<div class=\"elementor-element elementor-element-c7fb0ab elementor-widget elementor-widget-gva-counter\" data-id=\"c7fb0ab\" data-element_type=\"widget\" data-e-type=\"widget\" data-widget_type=\"gva-counter.default\">\n\t\t\t\t<div class=\"elementor-widget-container\">\n\t\t\t\t\t<div class=\"gva-element-gva-counter gva-element\">\r\n         <div class=\"milestone-one__single\">\r\n            \r\n         \r\n         <div class=\"milestone-one__content\">\r\n            <div class=\"milestone-one__number\">\r\n               <span class=\"milestone-number\">700<\/span><span class=\"symbol after\">+<\/span>            <\/div>\r\n            <div class=\"milestone-one__title\">Sale<\/div>         <\/div>\r\n         \r\n         \r\n      <\/div> \r\n   \r\n   \r\n   <\/div>\t\t\t\t<\/div>\n\t\t\t\t<\/div>\n\t\t\t\t<\/div>\n\t\t\t\t<div class=\"elementor-element elementor-element-b3ffdaa elementor-widget elementor-widget-html\" data-id=\"b3ffdaa\" data-element_type=\"widget\" data-e-type=\"widget\" data-widget_type=\"html.default\">\n\t\t\t\t\t<a href=\"\/en\/xxxxxxxxxxxxxxxxxxxxxxxxxxxxxxxxxxxxxx\/\" class=\"btn-theme-2\"><span class=\"btn-icon\"><i aria-hidden=\"true\" class=\"hicon-home\"><\/i><\/span>\n    Show More\n    <\/a>\t\t\t\t<\/div>\n\t\t\t\t<\/div>\n\t\t\t\t\t<\/div>\n\t\t\t\t<\/div>\n\t\t\t\t<\/div>","protected":false},"excerpt":{"rendered":"<p>About Company \u0130konx Gayrimenkul K\u0131br\u0131s ve T\u00fcrkiye&#8217;de emlak, arsa ve arazi al\u0131m-sat\u0131m hizmetleri sunan, yat\u0131r\u0131m odakl\u0131 bir gayrimenkul dan\u0131\u015fmanl\u0131k firmas\u0131d\u0131r. B\u00f6lgeye h\u00e2kim uzman ekibiyle g\u00fcvenilir, \u015feffaf ve do\u011fru yat\u0131r\u0131m \u00e7\u00f6z\u00fcmleri [&hellip;]<\/p>\n","protected":false},"author":1,"featured_media":0,"parent":0,"menu_order":0,"comment_status":"closed","ping_status":"closed","template":"","meta":{"_joinchat":[],"footnotes":""},"class_list":["post-293","page","type-page","status-publish","hentry"],"yoast_head":"<!-- This site is optimized with the Yoast SEO plugin v27.3 - https:\/\/yoast.com\/product\/yoast-seo-wordpress\/ -->\n<title>Oturum a\u00e7 - \u0130konx Gayrimenkul Kullan\u0131c\u0131 Giri\u015fi<\/title>\n<meta name=\"description\" content=\"\u0130konx Gayrimenkul kullan\u0131c\u0131 giri\u015fi. \u0130lanlar\u0131n\u0131z\u0131 y\u00f6netmek ve hesab\u0131n\u0131za eri\u015fmek i\u00e7in oturum a\u00e7\u0131n.\" \/>\n<meta name=\"robots\" content=\"index, follow, max-snippet:-1, max-image-preview:large, max-video-preview:-1\" \/>\n<link rel=\"canonical\" href=\"https:\/\/www.ikonx.com.tr\/en\/oturum-ac\/\" \/>\n<meta property=\"og:locale\" content=\"en_US\" \/>\n<meta property=\"og:type\" content=\"article\" \/>\n<meta property=\"og:title\" content=\"Oturum a\u00e7 - \u0130konx Gayrimenkul Kullan\u0131c\u0131 Giri\u015fi\" \/>\n<meta property=\"og:description\" content=\"\u0130konx Gayrimenkul kullan\u0131c\u0131 giri\u015fi. \u0130lanlar\u0131n\u0131z\u0131 y\u00f6netmek ve hesab\u0131n\u0131za eri\u015fmek i\u00e7in oturum a\u00e7\u0131n.\" \/>\n<meta property=\"og:url\" content=\"https:\/\/www.ikonx.com.tr\/en\/oturum-ac\/\" \/>\n<meta property=\"og:site_name\" content=\"\u0130konx Gayrimenkul\" \/>\n<meta property=\"article:publisher\" content=\"https:\/\/www.facebook.com\/ikonx.k.br.s\" \/>\n<meta property=\"article:modified_time\" content=\"2026-02-11T17:18:39+00:00\" \/>\n<meta name=\"twitter:card\" content=\"summary_large_image\" \/>\n<meta name=\"twitter:label1\" content=\"Est. reading time\" \/>\n\t<meta name=\"twitter:data1\" content=\"1 minute\" \/>\n<script type=\"application\/ld+json\" class=\"yoast-schema-graph\">{\"@context\":\"https:\\\/\\\/schema.org\",\"@graph\":[{\"@type\":\"WebPage\",\"@id\":\"https:\\\/\\\/www.ikonx.com.tr\\\/oturum-ac\\\/\",\"url\":\"https:\\\/\\\/www.ikonx.com.tr\\\/oturum-ac\\\/\",\"name\":\"Oturum a\u00e7 - \u0130konx Gayrimenkul Kullan\u0131c\u0131 Giri\u015fi\",\"isPartOf\":{\"@id\":\"https:\\\/\\\/www.ikonx.com.tr\\\/#website\"},\"datePublished\":\"2024-11-22T02:31:08+00:00\",\"dateModified\":\"2026-02-11T17:18:39+00:00\",\"description\":\"\u0130konx Gayrimenkul kullan\u0131c\u0131 giri\u015fi. \u0130lanlar\u0131n\u0131z\u0131 y\u00f6netmek ve hesab\u0131n\u0131za eri\u015fmek i\u00e7in oturum a\u00e7\u0131n.\",\"breadcrumb\":{\"@id\":\"https:\\\/\\\/www.ikonx.com.tr\\\/oturum-ac\\\/#breadcrumb\"},\"inLanguage\":\"en-US\",\"potentialAction\":[{\"@type\":\"ReadAction\",\"target\":[\"https:\\\/\\\/www.ikonx.com.tr\\\/oturum-ac\\\/\"]}]},{\"@type\":\"BreadcrumbList\",\"@id\":\"https:\\\/\\\/www.ikonx.com.tr\\\/oturum-ac\\\/#breadcrumb\",\"itemListElement\":[{\"@type\":\"ListItem\",\"position\":1,\"name\":\"Anasayfa\",\"item\":\"https:\\\/\\\/www.ikonx.com.tr\\\/\"},{\"@type\":\"ListItem\",\"position\":2,\"name\":\"Oturum a\u00e7\"}]},{\"@type\":\"WebSite\",\"@id\":\"https:\\\/\\\/www.ikonx.com.tr\\\/#website\",\"url\":\"https:\\\/\\\/www.ikonx.com.tr\\\/\",\"name\":\"\u0130konx Gayrimenkul\",\"description\":\"\",\"publisher\":{\"@id\":\"https:\\\/\\\/www.ikonx.com.tr\\\/#organization\"},\"potentialAction\":[{\"@type\":\"SearchAction\",\"target\":{\"@type\":\"EntryPoint\",\"urlTemplate\":\"https:\\\/\\\/www.ikonx.com.tr\\\/?s={search_term_string}\"},\"query-input\":{\"@type\":\"PropertyValueSpecification\",\"valueRequired\":true,\"valueName\":\"search_term_string\"}}],\"inLanguage\":\"en-US\"},{\"@type\":\"Organization\",\"@id\":\"https:\\\/\\\/www.ikonx.com.tr\\\/#organization\",\"name\":\"\u0130konx Gayrimenkul\",\"url\":\"https:\\\/\\\/www.ikonx.com.tr\\\/\",\"logo\":{\"@type\":\"ImageObject\",\"inLanguage\":\"en-US\",\"@id\":\"https:\\\/\\\/www.ikonx.com.tr\\\/#\\\/schema\\\/logo\\\/image\\\/\",\"url\":\"https:\\\/\\\/www.ikonx.com.tr\\\/wp-content\\\/uploads\\\/2026\\\/02\\\/cropped-ikonxlogo2.png\",\"contentUrl\":\"https:\\\/\\\/www.ikonx.com.tr\\\/wp-content\\\/uploads\\\/2026\\\/02\\\/cropped-ikonxlogo2.png\",\"width\":512,\"height\":512,\"caption\":\"\u0130konx Gayrimenkul\"},\"image\":{\"@id\":\"https:\\\/\\\/www.ikonx.com.tr\\\/#\\\/schema\\\/logo\\\/image\\\/\"},\"sameAs\":[\"https:\\\/\\\/www.facebook.com\\\/ikonx.k.br.s\",\"https:\\\/\\\/www.youtube.com\\\/@ikonxgayrimenkulyatrmvedan3230\",\"https:\\\/\\\/www.instagram.com\\\/ikonxgayrimenkul\\\/\"]}]}<\/script>\n<!-- \/ Yoast SEO plugin. -->","yoast_head_json":{"title":"Oturum a\u00e7 - \u0130konx Gayrimenkul Kullan\u0131c\u0131 Giri\u015fi","description":"\u0130konx Gayrimenkul kullan\u0131c\u0131 giri\u015fi. \u0130lanlar\u0131n\u0131z\u0131 y\u00f6netmek ve hesab\u0131n\u0131za eri\u015fmek i\u00e7in oturum a\u00e7\u0131n.","robots":{"index":"index","follow":"follow","max-snippet":"max-snippet:-1","max-image-preview":"max-image-preview:large","max-video-preview":"max-video-preview:-1"},"canonical":"https:\/\/www.ikonx.com.tr\/en\/oturum-ac\/","og_locale":"en_US","og_type":"article","og_title":"Oturum a\u00e7 - \u0130konx Gayrimenkul Kullan\u0131c\u0131 Giri\u015fi","og_description":"\u0130konx Gayrimenkul kullan\u0131c\u0131 giri\u015fi. \u0130lanlar\u0131n\u0131z\u0131 y\u00f6netmek ve hesab\u0131n\u0131za eri\u015fmek i\u00e7in oturum a\u00e7\u0131n.","og_url":"https:\/\/www.ikonx.com.tr\/en\/oturum-ac\/","og_site_name":"\u0130konx Gayrimenkul","article_publisher":"https:\/\/www.facebook.com\/ikonx.k.br.s","article_modified_time":"2026-02-11T17:18:39+00:00","twitter_card":"summary_large_image","twitter_misc":{"Est. reading time":"1 minute"},"schema":{"@context":"https:\/\/schema.org","@graph":[{"@type":"WebPage","@id":"https:\/\/www.ikonx.com.tr\/oturum-ac\/","url":"https:\/\/www.ikonx.com.tr\/oturum-ac\/","name":"Oturum a\u00e7 - \u0130konx Gayrimenkul Kullan\u0131c\u0131 Giri\u015fi","isPartOf":{"@id":"https:\/\/www.ikonx.com.tr\/#website"},"datePublished":"2024-11-22T02:31:08+00:00","dateModified":"2026-02-11T17:18:39+00:00","description":"\u0130konx Gayrimenkul kullan\u0131c\u0131 giri\u015fi. \u0130lanlar\u0131n\u0131z\u0131 y\u00f6netmek ve hesab\u0131n\u0131za eri\u015fmek i\u00e7in oturum a\u00e7\u0131n.","breadcrumb":{"@id":"https:\/\/www.ikonx.com.tr\/oturum-ac\/#breadcrumb"},"inLanguage":"en-US","potentialAction":[{"@type":"ReadAction","target":["https:\/\/www.ikonx.com.tr\/oturum-ac\/"]}]},{"@type":"BreadcrumbList","@id":"https:\/\/www.ikonx.com.tr\/oturum-ac\/#breadcrumb","itemListElement":[{"@type":"ListItem","position":1,"name":"Anasayfa","item":"https:\/\/www.ikonx.com.tr\/"},{"@type":"ListItem","position":2,"name":"Oturum a\u00e7"}]},{"@type":"WebSite","@id":"https:\/\/www.ikonx.com.tr\/#website","url":"https:\/\/www.ikonx.com.tr\/","name":"Ikonx Real Estate","description":"","publisher":{"@id":"https:\/\/www.ikonx.com.tr\/#organization"},"potentialAction":[{"@type":"SearchAction","target":{"@type":"EntryPoint","urlTemplate":"https:\/\/www.ikonx.com.tr\/?s={search_term_string}"},"query-input":{"@type":"PropertyValueSpecification","valueRequired":true,"valueName":"search_term_string"}}],"inLanguage":"en-US"},{"@type":"Organization","@id":"https:\/\/www.ikonx.com.tr\/#organization","name":"Ikonx Real Estate","url":"https:\/\/www.ikonx.com.tr\/","logo":{"@type":"ImageObject","inLanguage":"en-US","@id":"https:\/\/www.ikonx.com.tr\/#\/schema\/logo\/image\/","url":"https:\/\/www.ikonx.com.tr\/wp-content\/uploads\/2026\/02\/cropped-ikonxlogo2.png","contentUrl":"https:\/\/www.ikonx.com.tr\/wp-content\/uploads\/2026\/02\/cropped-ikonxlogo2.png","width":512,"height":512,"caption":"\u0130konx Gayrimenkul"},"image":{"@id":"https:\/\/www.ikonx.com.tr\/#\/schema\/logo\/image\/"},"sameAs":["https:\/\/www.facebook.com\/ikonx.k.br.s","https:\/\/www.youtube.com\/@ikonxgayrimenkulyatrmvedan3230","https:\/\/www.instagram.com\/ikonxgayrimenkul\/"]}]}},"_hostinger_reach_plugin_has_subscription_block":false,"_hostinger_reach_plugin_is_elementor":false,"_links":{"self":[{"href":"https:\/\/www.ikonx.com.tr\/en\/wp-json\/wp\/v2\/pages\/293","targetHints":{"allow":["GET"]}}],"collection":[{"href":"https:\/\/www.ikonx.com.tr\/en\/wp-json\/wp\/v2\/pages"}],"about":[{"href":"https:\/\/www.ikonx.com.tr\/en\/wp-json\/wp\/v2\/types\/page"}],"author":[{"embeddable":true,"href":"https:\/\/www.ikonx.com.tr\/en\/wp-json\/wp\/v2\/users\/1"}],"replies":[{"embeddable":true,"href":"https:\/\/www.ikonx.com.tr\/en\/wp-json\/wp\/v2\/comments?post=293"}],"version-history":[{"count":5,"href":"https:\/\/www.ikonx.com.tr\/en\/wp-json\/wp\/v2\/pages\/293\/revisions"}],"predecessor-version":[{"id":731,"href":"https:\/\/www.ikonx.com.tr\/en\/wp-json\/wp\/v2\/pages\/293\/revisions\/731"}],"wp:attachment":[{"href":"https:\/\/www.ikonx.com.tr\/en\/wp-json\/wp\/v2\/media?parent=293"}],"curies":[{"name":"wp","href":"https:\/\/api.w.org\/{rel}","templated":true}]}}