{"id":48,"date":"2024-11-04T04:40:09","date_gmt":"2024-11-04T04:40:09","guid":{"rendered":"https:\/\/gaviaspreview.com\/wp\/homirx\/add-listing\/"},"modified":"2026-02-11T17:18:12","modified_gmt":"2026-02-11T17:18:12","slug":"add-listing","status":"publish","type":"page","link":"https:\/\/www.ikonx.com.tr\/en\/add-listing\/","title":{"rendered":"Listeleme Ekle"},"content":{"rendered":"<div data-elementor-type=\"wp-page\" data-elementor-id=\"48\" class=\"elementor elementor-48\">\n\t\t\t\t<div class=\"elementor-element elementor-element-ec8e531 e-flex e-con-boxed e-con e-parent\" data-id=\"ec8e531\" data-element_type=\"container\" data-e-type=\"container\" data-settings=\"{&quot;background_background&quot;:&quot;classic&quot;}\">\n\t\t\t\t\t<div class=\"e-con-inner\">\n\t\t<div class=\"elementor-element elementor-element-a084f7e e-con-full e-flex e-con e-child\" data-id=\"a084f7e\" data-element_type=\"container\" data-e-type=\"container\">\n\t\t\t\t<div class=\"elementor-element elementor-element-32b606f over-hidden elementor-widget elementor-widget-gva_post_breadcrumb\" data-id=\"32b606f\" data-element_type=\"widget\" data-e-type=\"widget\" data-widget_type=\"gva_post_breadcrumb.default\">\n\t\t\t\t<div class=\"elementor-widget-container\">\n\t\t\t\t\t<div class=\"gva-element-gva_post_breadcrumb gva-element\">   \r\n<div class=\"post-breadcrumb\">\r\n   <div class=\"custom-breadcrumb\" >\r\n            <div class=\"breadcrumb-main\">\r\n        <div class=\"container\">\r\n          <div class=\"breadcrumb-container-inner\">\r\n            <h2 class=\"heading-title\">Listeleme Ekle<\/h2><ol class=\"breadcrumb\"><li><a href=\"https:\/\/www.ikonx.com.tr\/en\">Home<\/a> <\/li> <li class=\"active\">Page<\/li><\/ol>          <\/div>  \r\n        <\/div>   \r\n      <\/div>  \r\n   <\/div>\r\n<\/div>      \r\n\r\n<\/div>\t\t\t\t<\/div>\n\t\t\t\t<\/div>\n\t\t\t\t<\/div>\n\t\t\t\t\t<\/div>\n\t\t\t\t<\/div>\n\t\t<div class=\"elementor-element elementor-element-64f3289e e-flex e-con-boxed e-con e-parent\" data-id=\"64f3289e\" data-element_type=\"container\" data-e-type=\"container\">\n\t\t\t\t\t<div class=\"e-con-inner\">\n\t\t<div class=\"elementor-element elementor-element-cee6616 e-con-full e-flex e-con e-child\" data-id=\"cee6616\" data-element_type=\"container\" data-e-type=\"container\">\n\t\t\t\t<div class=\"elementor-element elementor-element-7f476073 elementor-widget elementor-widget-shortcode\" data-id=\"7f476073\" data-element_type=\"widget\" data-e-type=\"widget\" data-widget_type=\"shortcode.default\">\n\t\t\t\t\t\t\t<div class=\"elementor-shortcode\">                <section class=\"directory_wrapper single_area\">\n                                <div class=\"notice_wrapper\">\n                <div class=\"directorist-alert directorist-alert-warning\"><i class=\"directorist-icon-mask\" aria-hidden=\"true\" style=\"--directorist-icon: url(https:\/\/www.ikonx.com.tr\/wp-content\/plugins\/directorist\/assets\/icons\/line-awesome\/svgs\/info-circle-solid.svg)\"><\/i> You need to be logged in to view the content of this page. You can login\/sign up <a href='https:\/\/www.ikonx.com.tr\/en\/dashboard\/'> Here<\/a>.<\/div>\n            <\/div>\n                            <\/section>\n                <\/div>\n\t\t\t\t\t\t<\/div>\n\t\t\t\t<\/div>\n\t\t\t\t\t<\/div>\n\t\t\t\t<\/div>\n\t\t\t\t<\/div>","protected":false},"excerpt":{"rendered":"","protected":false},"author":1,"featured_media":0,"parent":0,"menu_order":0,"comment_status":"closed","ping_status":"closed","template":"","meta":{"_joinchat":[],"footnotes":""},"class_list":["post-48","page","type-page","status-publish","hentry"],"yoast_head":"<!-- This site is optimized with the Yoast SEO plugin v27.3 - https:\/\/yoast.com\/product\/yoast-seo-wordpress\/ -->\n<title>K\u0131br\u0131s Emlak \u0130lan\u0131 Ver - \u0130konx Gayrimenkul<\/title>\n<meta name=\"description\" content=\"K\u0131br\u0131s\u2019ta sat\u0131l\u0131k daire, villa veya arsa ilan\u0131n\u0131z\u0131 kolayca yay\u0131nlay\u0131n. \u0130lan\u0131n\u0131z\u0131 \u0130konx Gayrimenkul ile do\u011fru al\u0131c\u0131ya ula\u015ft\u0131r\u0131n.\" \/>\n<meta name=\"robots\" content=\"index, follow, max-snippet:-1, max-image-preview:large, max-video-preview:-1\" \/>\n<link rel=\"canonical\" href=\"https:\/\/www.ikonx.com.tr\/en\/add-listing\/\" \/>\n<meta property=\"og:locale\" content=\"en_US\" \/>\n<meta property=\"og:type\" content=\"article\" \/>\n<meta property=\"og:title\" content=\"K\u0131br\u0131s Emlak \u0130lan\u0131 Ver - \u0130konx Gayrimenkul\" \/>\n<meta property=\"og:description\" content=\"K\u0131br\u0131s\u2019ta sat\u0131l\u0131k daire, villa veya arsa ilan\u0131n\u0131z\u0131 kolayca yay\u0131nlay\u0131n. \u0130lan\u0131n\u0131z\u0131 \u0130konx Gayrimenkul ile do\u011fru al\u0131c\u0131ya ula\u015ft\u0131r\u0131n.\" \/>\n<meta property=\"og:url\" content=\"https:\/\/www.ikonx.com.tr\/en\/add-listing\/\" \/>\n<meta property=\"og:site_name\" content=\"\u0130konx Gayrimenkul\" \/>\n<meta property=\"article:publisher\" content=\"https:\/\/www.facebook.com\/ikonx.k.br.s\" \/>\n<meta property=\"article:modified_time\" content=\"2026-02-11T17:18:12+00:00\" \/>\n<meta name=\"twitter:card\" content=\"summary_large_image\" \/>\n<meta name=\"twitter:label1\" content=\"Est. reading time\" \/>\n\t<meta name=\"twitter:data1\" content=\"1 minute\" \/>\n<script type=\"application\/ld+json\" class=\"yoast-schema-graph\">{\"@context\":\"https:\\\/\\\/schema.org\",\"@graph\":[{\"@type\":\"WebPage\",\"@id\":\"https:\\\/\\\/www.ikonx.com.tr\\\/add-listing\\\/\",\"url\":\"https:\\\/\\\/www.ikonx.com.tr\\\/add-listing\\\/\",\"name\":\"K\u0131br\u0131s Emlak \u0130lan\u0131 Ver - \u0130konx Gayrimenkul\",\"isPartOf\":{\"@id\":\"https:\\\/\\\/www.ikonx.com.tr\\\/#website\"},\"datePublished\":\"2024-11-04T04:40:09+00:00\",\"dateModified\":\"2026-02-11T17:18:12+00:00\",\"description\":\"K\u0131br\u0131s\u2019ta sat\u0131l\u0131k daire, villa veya arsa ilan\u0131n\u0131z\u0131 kolayca yay\u0131nlay\u0131n. \u0130lan\u0131n\u0131z\u0131 \u0130konx Gayrimenkul ile do\u011fru al\u0131c\u0131ya ula\u015ft\u0131r\u0131n.\",\"breadcrumb\":{\"@id\":\"https:\\\/\\\/www.ikonx.com.tr\\\/add-listing\\\/#breadcrumb\"},\"inLanguage\":\"en-US\",\"potentialAction\":[{\"@type\":\"ReadAction\",\"target\":[\"https:\\\/\\\/www.ikonx.com.tr\\\/add-listing\\\/\"]}]},{\"@type\":\"BreadcrumbList\",\"@id\":\"https:\\\/\\\/www.ikonx.com.tr\\\/add-listing\\\/#breadcrumb\",\"itemListElement\":[{\"@type\":\"ListItem\",\"position\":1,\"name\":\"Anasayfa\",\"item\":\"https:\\\/\\\/www.ikonx.com.tr\\\/\"},{\"@type\":\"ListItem\",\"position\":2,\"name\":\"Listeleme Ekle\"}]},{\"@type\":\"WebSite\",\"@id\":\"https:\\\/\\\/www.ikonx.com.tr\\\/#website\",\"url\":\"https:\\\/\\\/www.ikonx.com.tr\\\/\",\"name\":\"\u0130konx Gayrimenkul\",\"description\":\"\",\"publisher\":{\"@id\":\"https:\\\/\\\/www.ikonx.com.tr\\\/#organization\"},\"potentialAction\":[{\"@type\":\"SearchAction\",\"target\":{\"@type\":\"EntryPoint\",\"urlTemplate\":\"https:\\\/\\\/www.ikonx.com.tr\\\/?s={search_term_string}\"},\"query-input\":{\"@type\":\"PropertyValueSpecification\",\"valueRequired\":true,\"valueName\":\"search_term_string\"}}],\"inLanguage\":\"en-US\"},{\"@type\":\"Organization\",\"@id\":\"https:\\\/\\\/www.ikonx.com.tr\\\/#organization\",\"name\":\"\u0130konx Gayrimenkul\",\"url\":\"https:\\\/\\\/www.ikonx.com.tr\\\/\",\"logo\":{\"@type\":\"ImageObject\",\"inLanguage\":\"en-US\",\"@id\":\"https:\\\/\\\/www.ikonx.com.tr\\\/#\\\/schema\\\/logo\\\/image\\\/\",\"url\":\"https:\\\/\\\/www.ikonx.com.tr\\\/wp-content\\\/uploads\\\/2026\\\/02\\\/cropped-ikonxlogo2.png\",\"contentUrl\":\"https:\\\/\\\/www.ikonx.com.tr\\\/wp-content\\\/uploads\\\/2026\\\/02\\\/cropped-ikonxlogo2.png\",\"width\":512,\"height\":512,\"caption\":\"\u0130konx Gayrimenkul\"},\"image\":{\"@id\":\"https:\\\/\\\/www.ikonx.com.tr\\\/#\\\/schema\\\/logo\\\/image\\\/\"},\"sameAs\":[\"https:\\\/\\\/www.facebook.com\\\/ikonx.k.br.s\",\"https:\\\/\\\/www.youtube.com\\\/@ikonxgayrimenkulyatrmvedan3230\",\"https:\\\/\\\/www.instagram.com\\\/ikonxgayrimenkul\\\/\"]}]}<\/script>\n<!-- \/ Yoast SEO plugin. -->","yoast_head_json":{"title":"K\u0131br\u0131s Emlak \u0130lan\u0131 Ver - \u0130konx Gayrimenkul","description":"K\u0131br\u0131s\u2019ta sat\u0131l\u0131k daire, villa veya arsa ilan\u0131n\u0131z\u0131 kolayca yay\u0131nlay\u0131n. \u0130lan\u0131n\u0131z\u0131 \u0130konx Gayrimenkul ile do\u011fru al\u0131c\u0131ya ula\u015ft\u0131r\u0131n.","robots":{"index":"index","follow":"follow","max-snippet":"max-snippet:-1","max-image-preview":"max-image-preview:large","max-video-preview":"max-video-preview:-1"},"canonical":"https:\/\/www.ikonx.com.tr\/en\/add-listing\/","og_locale":"en_US","og_type":"article","og_title":"K\u0131br\u0131s Emlak \u0130lan\u0131 Ver - \u0130konx Gayrimenkul","og_description":"K\u0131br\u0131s\u2019ta sat\u0131l\u0131k daire, villa veya arsa ilan\u0131n\u0131z\u0131 kolayca yay\u0131nlay\u0131n. \u0130lan\u0131n\u0131z\u0131 \u0130konx Gayrimenkul ile do\u011fru al\u0131c\u0131ya ula\u015ft\u0131r\u0131n.","og_url":"https:\/\/www.ikonx.com.tr\/en\/add-listing\/","og_site_name":"\u0130konx Gayrimenkul","article_publisher":"https:\/\/www.facebook.com\/ikonx.k.br.s","article_modified_time":"2026-02-11T17:18:12+00:00","twitter_card":"summary_large_image","twitter_misc":{"Est. reading time":"1 minute"},"schema":{"@context":"https:\/\/schema.org","@graph":[{"@type":"WebPage","@id":"https:\/\/www.ikonx.com.tr\/add-listing\/","url":"https:\/\/www.ikonx.com.tr\/add-listing\/","name":"K\u0131br\u0131s Emlak \u0130lan\u0131 Ver - \u0130konx Gayrimenkul","isPartOf":{"@id":"https:\/\/www.ikonx.com.tr\/#website"},"datePublished":"2024-11-04T04:40:09+00:00","dateModified":"2026-02-11T17:18:12+00:00","description":"K\u0131br\u0131s\u2019ta sat\u0131l\u0131k daire, villa veya arsa ilan\u0131n\u0131z\u0131 kolayca yay\u0131nlay\u0131n. \u0130lan\u0131n\u0131z\u0131 \u0130konx Gayrimenkul ile do\u011fru al\u0131c\u0131ya ula\u015ft\u0131r\u0131n.","breadcrumb":{"@id":"https:\/\/www.ikonx.com.tr\/add-listing\/#breadcrumb"},"inLanguage":"en-US","potentialAction":[{"@type":"ReadAction","target":["https:\/\/www.ikonx.com.tr\/add-listing\/"]}]},{"@type":"BreadcrumbList","@id":"https:\/\/www.ikonx.com.tr\/add-listing\/#breadcrumb","itemListElement":[{"@type":"ListItem","position":1,"name":"Anasayfa","item":"https:\/\/www.ikonx.com.tr\/"},{"@type":"ListItem","position":2,"name":"Listeleme Ekle"}]},{"@type":"WebSite","@id":"https:\/\/www.ikonx.com.tr\/#website","url":"https:\/\/www.ikonx.com.tr\/","name":"Ikonx Real Estate","description":"","publisher":{"@id":"https:\/\/www.ikonx.com.tr\/#organization"},"potentialAction":[{"@type":"SearchAction","target":{"@type":"EntryPoint","urlTemplate":"https:\/\/www.ikonx.com.tr\/?s={search_term_string}"},"query-input":{"@type":"PropertyValueSpecification","valueRequired":true,"valueName":"search_term_string"}}],"inLanguage":"en-US"},{"@type":"Organization","@id":"https:\/\/www.ikonx.com.tr\/#organization","name":"Ikonx Real Estate","url":"https:\/\/www.ikonx.com.tr\/","logo":{"@type":"ImageObject","inLanguage":"en-US","@id":"https:\/\/www.ikonx.com.tr\/#\/schema\/logo\/image\/","url":"https:\/\/www.ikonx.com.tr\/wp-content\/uploads\/2026\/02\/cropped-ikonxlogo2.png","contentUrl":"https:\/\/www.ikonx.com.tr\/wp-content\/uploads\/2026\/02\/cropped-ikonxlogo2.png","width":512,"height":512,"caption":"\u0130konx Gayrimenkul"},"image":{"@id":"https:\/\/www.ikonx.com.tr\/#\/schema\/logo\/image\/"},"sameAs":["https:\/\/www.facebook.com\/ikonx.k.br.s","https:\/\/www.youtube.com\/@ikonxgayrimenkulyatrmvedan3230","https:\/\/www.instagram.com\/ikonxgayrimenkul\/"]}]}},"_hostinger_reach_plugin_has_subscription_block":false,"_hostinger_reach_plugin_is_elementor":false,"_links":{"self":[{"href":"https:\/\/www.ikonx.com.tr\/en\/wp-json\/wp\/v2\/pages\/48","targetHints":{"allow":["GET"]}}],"collection":[{"href":"https:\/\/www.ikonx.com.tr\/en\/wp-json\/wp\/v2\/pages"}],"about":[{"href":"https:\/\/www.ikonx.com.tr\/en\/wp-json\/wp\/v2\/types\/page"}],"author":[{"embeddable":true,"href":"https:\/\/www.ikonx.com.tr\/en\/wp-json\/wp\/v2\/users\/1"}],"replies":[{"embeddable":true,"href":"https:\/\/www.ikonx.com.tr\/en\/wp-json\/wp\/v2\/comments?post=48"}],"version-history":[{"count":1,"href":"https:\/\/www.ikonx.com.tr\/en\/wp-json\/wp\/v2\/pages\/48\/revisions"}],"predecessor-version":[{"id":455,"href":"https:\/\/www.ikonx.com.tr\/en\/wp-json\/wp\/v2\/pages\/48\/revisions\/455"}],"wp:attachment":[{"href":"https:\/\/www.ikonx.com.tr\/en\/wp-json\/wp\/v2\/media?parent=48"}],"curies":[{"name":"wp","href":"https:\/\/api.w.org\/{rel}","templated":true}]}}